{"id":84,"date":"2013-12-14T11:10:45","date_gmt":"2013-12-14T10:10:45","guid":{"rendered":"http:\/\/testnetz.ch\/wpress\/?page_id=84"},"modified":"2014-03-26T11:03:18","modified_gmt":"2014-03-26T10:03:18","slug":"taetigkeiten-mietliegenschaften","status":"publish","type":"page","link":"https:\/\/hohns.ch\/web\/bewirtschaftung\/taetigkeiten-mietliegenschaften\/","title":{"rendered":"T\u00e4tigkeiten Mietliegenschaften"},"content":{"rendered":"\t<div class=\"vc_row wpb_row vc_row-fluid\"  >\n\t<div class=\"vc_col-sm-8 wpb_column vc_column_container \">\n\t\t<div class=\"wpb_wrapper\">\n\t\t\t\n\t<div class=\"wpb_text_column wpb_content_element \">\n\t\t<div class=\"wpb_wrapper\">\n\t\t\t<p><a title=\"Bewirtschaftung\" href=\"http:\/\/hohns.ch\/web\/bewirtschaftung\/\">&lt;&lt; Zur\u00fcck<\/a><\/p>\n<h3>Mietliegenschaften<\/h3>\n<ol>\n<li>Administrative Bewirtschaftung\n<ul>\n<li>Vermietung aller Objekte mittels geeigneter Werbung<\/li>\n<li>Vorschl\u00e4ge f\u00fcr die Mietzinsgestaltung zur Verbesserung der Rendite<\/li>\n<li>Abschluss, Erneuerung und K\u00fcndigung von Mietvertr\u00e4gen<\/li>\n<li>\u00dcberpr\u00fcfung der Mietzinse und Nebenkosten, Mietzinsanpassungen<\/li>\n<li>Erledigung von Mieterangelegenheiten<\/li>\n<li>Korrespondenz mit Mietern und Beh\u00f6rden<\/li>\n<li>Abschluss, Erneuerung und K\u00fcndigung von Versicherungs- und Servicevertr\u00e4gen<\/li>\n<\/ul>\n<\/li>\n<li>Technische Bewirtschaftung\n<ul>\n<li>Abnahme und \u00dcbergabe der Mietobjekte<\/li>\n<li>Sicherstellung und Abwicklung notwendiger Reparaturen, Renovationen<\/li>\n<li>Sicherstellung der Funktionst\u00fcchtigkeit von technischen Anlagen<\/li>\n<li>Mittel- und langfristige Unterhalts- und Renovationsplanung<\/li>\n<li>Anstellung, F\u00fchrung und Kontrolle der Hauswartung<\/li>\n<\/ul>\n<\/li>\n<li>Rechnungswesen\n<ul>\n<li>F\u00fchrung der Immobilienbuchhaltung<\/li>\n<li>Erstellung der j\u00e4hrlichen Liegenschaftsabrechnung<\/li>\n<li>Erstellung der Heiz- und Nebenkostenabrechnung<\/li>\n<li>Inkasso von Mietzins sowie Heiz- und Nebenkosten<\/li>\n<li>Kontrolle und Zahlung von Kreditorenrechnungen<\/li>\n<\/ul>\n<\/li>\n<li>Information\n<ul>\n<li>J\u00e4hrliche Berichterstattung \u00fcber wichtige Ereignisse sowie \u00fcber die Jahresabrechnung<\/li>\n<\/ul>\n<\/li>\n<\/ol>\n<p><a title=\"T\u00e4tigkeiten Stockwerk- und Miteigentum\" href=\"http:\/\/hohns.ch\/web\/bewirtschaftung\/taetigkeiten-stockwerk-und-miteigentum\/\">T\u00e4tigkeiten Stockwerk- und Miteigentum<\/a><\/p>\n<p><a title=\"Bewirtschaftung\" href=\"http:\/\/hohns.ch\/web\/bewirtschaftung\/\">&lt;&lt; Zur\u00fcck<\/a><\/p>\n\n\t\t<\/div> \n\t<\/div> \n\t\t<\/div> \n\t<\/div> \n\n\t<div class=\"vc_col-sm-4 wpb_column vc_column_container \">\n\t\t<div class=\"wpb_wrapper\">\n\t\t\t\n\t<div class=\"wpb_text_column wpb_content_element \">\n\t\t<div class=\"wpb_wrapper\">\n\t\t\t<p><img loading=\"lazy\" decoding=\"async\" class=\"aligncenter size-full wp-image-137\" alt=\"seite4a\" src=\"http:\/\/hohns.ch\/web\/wp-content\/uploads\/2013\/12\/seite4a.jpg\" width=\"265\" height=\"705\" \/><\/p>\n\n\t\t<\/div> \n\t<\/div> \n\t\t<\/div> \n\t<\/div> \n<\/div>\n","protected":false},"excerpt":{"rendered":"&lt;&lt; Zur\u00fcck Mietliegenschaften Administrative Bewirtschaftung Vermietung aller Objekte mittels geeigneter Werbung Vorschl\u00e4ge f\u00fcr die Mietzinsgestaltung zur Verbesserung der Rendite Abschluss, Erneuerung und K\u00fcndigung von Mietvertr\u00e4gen \u00dcberpr\u00fcfung der Mietzinse und Nebenkosten, Mietzinsanpassungen Erledigung von Mieterangelegenheiten Korrespondenz mit Mietern und Beh\u00f6rden Abschluss,<span class=\"ellipsis\">&hellip;<\/span><div class=\"read-more\"><a href=\"https:\/\/hohns.ch\/web\/bewirtschaftung\/taetigkeiten-mietliegenschaften\/\">Weiterlesen \u203a<\/a><\/div><!-- end of .read-more -->","protected":false},"author":1,"featured_media":0,"parent":17,"menu_order":0,"comment_status":"open","ping_status":"open","template":"","meta":{"footnotes":""},"_links":{"self":[{"href":"https:\/\/hohns.ch\/web\/wp-json\/wp\/v2\/pages\/84"}],"collection":[{"href":"https:\/\/hohns.ch\/web\/wp-json\/wp\/v2\/pages"}],"about":[{"href":"https:\/\/hohns.ch\/web\/wp-json\/wp\/v2\/types\/page"}],"author":[{"embeddable":true,"href":"https:\/\/hohns.ch\/web\/wp-json\/wp\/v2\/users\/1"}],"replies":[{"embeddable":true,"href":"https:\/\/hohns.ch\/web\/wp-json\/wp\/v2\/comments?post=84"}],"version-history":[{"count":4,"href":"https:\/\/hohns.ch\/web\/wp-json\/wp\/v2\/pages\/84\/revisions"}],"predecessor-version":[{"id":216,"href":"https:\/\/hohns.ch\/web\/wp-json\/wp\/v2\/pages\/84\/revisions\/216"}],"up":[{"embeddable":true,"href":"https:\/\/hohns.ch\/web\/wp-json\/wp\/v2\/pages\/17"}],"wp:attachment":[{"href":"https:\/\/hohns.ch\/web\/wp-json\/wp\/v2\/media?parent=84"}],"curies":[{"name":"wp","href":"https:\/\/api.w.org\/{rel}","templated":true}]}}