{"id":81,"date":"2013-12-14T11:09:15","date_gmt":"2013-12-14T10:09:15","guid":{"rendered":"http:\/\/testnetz.ch\/wpress\/?page_id=81"},"modified":"2014-03-26T11:03:55","modified_gmt":"2014-03-26T10:03:55","slug":"taetigkeiten-stockwerk-und-miteigentum","status":"publish","type":"page","link":"https:\/\/hohns.ch\/web\/bewirtschaftung\/taetigkeiten-stockwerk-und-miteigentum\/","title":{"rendered":"T\u00e4tigkeiten Stockwerk- und Miteigentum"},"content":{"rendered":"\t<div class=\"vc_row wpb_row vc_row-fluid\"  >\n\t<div class=\"vc_col-sm-8 wpb_column vc_column_container \">\n\t\t<div class=\"wpb_wrapper\">\n\t\t\t\n\t<div class=\"wpb_text_column wpb_content_element \">\n\t\t<div class=\"wpb_wrapper\">\n\t\t\t<p><a title=\"Bewirtschaftung\" href=\"http:\/\/hohns.ch\/web\/bewirtschaftung\/\">&lt;&lt; Zur\u00fcck<\/a><\/p>\n<h3>Stockwerk- und Miteigentum<\/h3>\n<ol>\n<li>Die administrative Bewirtschaftung\n<ul>\n<li>Einberufung und Leitung der Eigent\u00fcmerversammlung<\/li>\n<li>Ausf\u00fchren und koordinieren der Beschl\u00fcsse<\/li>\n<li>Erstellung des Jahresbudgets<\/li>\n<li>Vertretung gegen\u00fcber Eigent\u00fcmern, Nachbarn und Beh\u00f6rden<\/li>\n<li>Korrespondenz mit Eigent\u00fcmern und Beh\u00f6rden<\/li>\n<li>Betreuung aller Service- und Versicherungsvertr\u00e4gen<\/li>\n<li>Abschluss, Erneuerung und K\u00fcndigung von Versicherungs- und Servicevertr\u00e4gen<\/li>\n<\/ul>\n<\/li>\n<li>Die technische Bewirtschaftung\n<ul>\n<li>\u00dcberwachung der Hausordnung<\/li>\n<li>Sicherstellung und Abwicklung notwendiger Reparaturen, Renovationen<\/li>\n<li>Sicherstellung der Funktionst\u00fcchtigkeit von technischen Anlagen<\/li>\n<li>Mittel- und langfristige Unterhalts- und Renovationsplanung<\/li>\n<li>Anstellung, F\u00fchrung und Kontrolle der Hauswartung<\/li>\n<\/ul>\n<\/li>\n<li>Rechnungswesen\n<ul>\n<li>Inkasso der Akontobeitr\u00e4ge f\u00fcr gemeinschaftliche Kosten<\/li>\n<li>Kontrolle und Bezahlung der Kreditorenrechnungen<\/li>\n<li>Gehaltsabrechnung Hauswart<\/li>\n<li>F\u00fchren der Liegenschaftsbuchhaltung<\/li>\n<li>Erstellung der j\u00e4hrlichen Liegenschaftsabrechnung<\/li>\n<li>Erstellung der Heiz- und Nebenkostenabrechnung<\/li>\n<li>Verwalten des Fondsverm\u00f6gens<\/li>\n<\/ul>\n<\/li>\n<\/ol>\n<p><a title=\"T\u00e4tigkeiten Mietliegenschaften\" href=\"http:\/\/hohns.ch\/web\/bewirtschaftung\/taetigkeiten-mietliegenschaften\/\">T\u00e4tigkeiten Mietliegenschaften<\/a><\/p>\n<p><a title=\"Bewirtschaftung\" href=\"http:\/\/hohns.ch\/web\/bewirtschaftung\/\">&lt;&lt; Zur\u00fcck<\/a><\/p>\n\n\t\t<\/div> \n\t<\/div> \n\t\t<\/div> \n\t<\/div> \n\n\t<div class=\"vc_col-sm-4 wpb_column vc_column_container \">\n\t\t<div class=\"wpb_wrapper\">\n\t\t\t\n\t<div class=\"wpb_text_column wpb_content_element \">\n\t\t<div class=\"wpb_wrapper\">\n\t\t\t<p><img loading=\"lazy\" decoding=\"async\" class=\"aligncenter size-full wp-image-137\" alt=\"seite4a\" src=\"http:\/\/hohns.ch\/web\/wp-content\/uploads\/2013\/12\/seite4a.jpg\" width=\"265\" height=\"705\" \/><\/p>\n\n\t\t<\/div> \n\t<\/div> \n\t\t<\/div> \n\t<\/div> \n<\/div>\n","protected":false},"excerpt":{"rendered":"&lt;&lt; Zur\u00fcck Stockwerk- und Miteigentum Die administrative Bewirtschaftung Einberufung und Leitung der Eigent\u00fcmerversammlung Ausf\u00fchren und koordinieren der Beschl\u00fcsse Erstellung des Jahresbudgets Vertretung gegen\u00fcber Eigent\u00fcmern, Nachbarn und Beh\u00f6rden Korrespondenz mit Eigent\u00fcmern und Beh\u00f6rden Betreuung aller Service- und Versicherungsvertr\u00e4gen Abschluss, Erneuerung und<span class=\"ellipsis\">&hellip;<\/span><div class=\"read-more\"><a href=\"https:\/\/hohns.ch\/web\/bewirtschaftung\/taetigkeiten-stockwerk-und-miteigentum\/\">Weiterlesen \u203a<\/a><\/div><!-- end of .read-more -->","protected":false},"author":1,"featured_media":0,"parent":17,"menu_order":0,"comment_status":"open","ping_status":"open","template":"","meta":{"footnotes":""},"_links":{"self":[{"href":"https:\/\/hohns.ch\/web\/wp-json\/wp\/v2\/pages\/81"}],"collection":[{"href":"https:\/\/hohns.ch\/web\/wp-json\/wp\/v2\/pages"}],"about":[{"href":"https:\/\/hohns.ch\/web\/wp-json\/wp\/v2\/types\/page"}],"author":[{"embeddable":true,"href":"https:\/\/hohns.ch\/web\/wp-json\/wp\/v2\/users\/1"}],"replies":[{"embeddable":true,"href":"https:\/\/hohns.ch\/web\/wp-json\/wp\/v2\/comments?post=81"}],"version-history":[{"count":7,"href":"https:\/\/hohns.ch\/web\/wp-json\/wp\/v2\/pages\/81\/revisions"}],"predecessor-version":[{"id":217,"href":"https:\/\/hohns.ch\/web\/wp-json\/wp\/v2\/pages\/81\/revisions\/217"}],"up":[{"embeddable":true,"href":"https:\/\/hohns.ch\/web\/wp-json\/wp\/v2\/pages\/17"}],"wp:attachment":[{"href":"https:\/\/hohns.ch\/web\/wp-json\/wp\/v2\/media?parent=81"}],"curies":[{"name":"wp","href":"https:\/\/api.w.org\/{rel}","templated":true}]}}