{"id":17,"date":"2013-12-12T14:47:37","date_gmt":"2013-12-12T13:47:37","guid":{"rendered":"http:\/\/testnetz.ch\/wpress\/?page_id=17"},"modified":"2014-03-26T11:19:27","modified_gmt":"2014-03-26T10:19:27","slug":"bewirtschaftung","status":"publish","type":"page","link":"https:\/\/hohns.ch\/web\/bewirtschaftung\/","title":{"rendered":"Bewirtschaftung"},"content":{"rendered":"\t<div class=\"vc_row wpb_row vc_row-fluid\"  >\n\t<div class=\"vc_col-sm-12 wpb_column vc_column_container \">\n\t\t<div class=\"wpb_wrapper\">\n\t\t\t\n\t<div class=\"wpb_text_column wpb_content_element \">\n\t\t<div class=\"wpb_wrapper\">\n\t\t\t<h3>Stockwerk- und Miteigentum<\/h3>\n<p>Die Bewirtschaftung einer Stockwerkeigent\u00fcmergemeinschaft verlangt grosse Flexibilit\u00e4t, Objektivit\u00e4t und Fingerspitzengef\u00fchl. Das fachliche Basiswissen bildet den Eckpfeiler f\u00fcr die zielgerichtete und geradlinige Bewirtschaftung, welche auch das Fundament f\u00fcr einen respektvollen Umgang aller Parteien in der Gemeinschaft ist.<\/p>\n<p><a title=\"T\u00e4tigkeiten Stockwerk- und Miteigentum\" href=\"http:\/\/hohns.ch\/web\/bewirtschaftung\/taetigkeiten-stockwerk-und-miteigentum\/\">Die T\u00e4tigkeiten der Bewirtschaftung \/ Verwaltung von Stockwerkeigentum umfassen insbesondere:<\/a><\/p>\n<h3><img loading=\"lazy\" decoding=\"async\" class=\"aligncenter size-full wp-image-221\" alt=\"seite4\" src=\"http:\/\/hohns.ch\/web\/wp-content\/uploads\/2014\/03\/seite4.jpg\" width=\"960\" height=\"160\" srcset=\"https:\/\/hohns.ch\/web\/wp-content\/uploads\/2014\/03\/seite4.jpg 960w, https:\/\/hohns.ch\/web\/wp-content\/uploads\/2014\/03\/seite4-300x50.jpg 300w, https:\/\/hohns.ch\/web\/wp-content\/uploads\/2014\/03\/seite4-100x16.jpg 100w, https:\/\/hohns.ch\/web\/wp-content\/uploads\/2014\/03\/seite4-150x25.jpg 150w, https:\/\/hohns.ch\/web\/wp-content\/uploads\/2014\/03\/seite4-200x33.jpg 200w, https:\/\/hohns.ch\/web\/wp-content\/uploads\/2014\/03\/seite4-450x75.jpg 450w, https:\/\/hohns.ch\/web\/wp-content\/uploads\/2014\/03\/seite4-600x100.jpg 600w, https:\/\/hohns.ch\/web\/wp-content\/uploads\/2014\/03\/seite4-900x150.jpg 900w\" sizes=\"(max-width: 960px) 100vw, 960px\" \/><\/h3>\n<h3>Mietliegenschaften \/ Mehrfamilienh\u00e4user, B\u00fcro- und Gewerbeliegenschaften<\/h3>\n<p>Aufgrund unserer jahrelangen Erfahrung sowie der stetigen Weiterbildung stellen wir eine massgeschneiderte Betretung sicher. Wir legen grossen Wert auf eine l\u00f6sungsorientierte und transparente Zusammenarbeit mit allen Parteien.<\/p>\n<p><a title=\"T\u00e4tigkeiten Mietliegenschaften\" href=\"http:\/\/hohns.ch\/web\/bewirtschaftung\/taetigkeiten-mietliegenschaften\/\">Die T\u00e4tigkeiten der Bewirtschaftung \/ Verwaltung von Mietliegenschaften umfassen insbesondere:<\/a><\/p>\n\n\t\t<\/div> \n\t<\/div> \n\t\t<\/div> \n\t<\/div> \n<\/div>\n","protected":false},"excerpt":{"rendered":"Stockwerk- und Miteigentum Die Bewirtschaftung einer Stockwerkeigent\u00fcmergemeinschaft verlangt grosse Flexibilit\u00e4t, Objektivit\u00e4t und Fingerspitzengef\u00fchl. Das fachliche Basiswissen bildet den Eckpfeiler f\u00fcr die zielgerichtete und geradlinige Bewirtschaftung, welche auch das Fundament f\u00fcr einen respektvollen Umgang aller Parteien in der Gemeinschaft ist. Die<span class=\"ellipsis\">&hellip;<\/span><div class=\"read-more\"><a href=\"https:\/\/hohns.ch\/web\/bewirtschaftung\/\">Weiterlesen \u203a<\/a><\/div><!-- end of .read-more -->","protected":false},"author":1,"featured_media":0,"parent":0,"menu_order":0,"comment_status":"open","ping_status":"open","template":"","meta":{"footnotes":""},"_links":{"self":[{"href":"https:\/\/hohns.ch\/web\/wp-json\/wp\/v2\/pages\/17"}],"collection":[{"href":"https:\/\/hohns.ch\/web\/wp-json\/wp\/v2\/pages"}],"about":[{"href":"https:\/\/hohns.ch\/web\/wp-json\/wp\/v2\/types\/page"}],"author":[{"embeddable":true,"href":"https:\/\/hohns.ch\/web\/wp-json\/wp\/v2\/users\/1"}],"replies":[{"embeddable":true,"href":"https:\/\/hohns.ch\/web\/wp-json\/wp\/v2\/comments?post=17"}],"version-history":[{"count":6,"href":"https:\/\/hohns.ch\/web\/wp-json\/wp\/v2\/pages\/17\/revisions"}],"predecessor-version":[{"id":225,"href":"https:\/\/hohns.ch\/web\/wp-json\/wp\/v2\/pages\/17\/revisions\/225"}],"wp:attachment":[{"href":"https:\/\/hohns.ch\/web\/wp-json\/wp\/v2\/media?parent=17"}],"curies":[{"name":"wp","href":"https:\/\/api.w.org\/{rel}","templated":true}]}}