{"id":15,"date":"2013-12-12T14:44:27","date_gmt":"2013-12-12T13:44:27","guid":{"rendered":"http:\/\/testnetz.ch\/wpress\/?page_id=15"},"modified":"2014-03-26T11:20:59","modified_gmt":"2014-03-26T10:20:59","slug":"bau-projektmanagement","status":"publish","type":"page","link":"https:\/\/hohns.ch\/web\/bau-projektmanagement\/","title":{"rendered":"Bau- \/ Projektmanagement"},"content":{"rendered":"\t<div class=\"vc_row wpb_row vc_row-fluid\"  >\n\t<div class=\"vc_col-sm-4 wpb_column vc_column_container \">\n\t\t<div class=\"wpb_wrapper\">\n\t\t\t\n\t<div class=\"wpb_text_column wpb_content_element \">\n\t\t<div class=\"wpb_wrapper\">\n\t\t\t<p>Bau- und Projektmanagement von Immobilien verlangen interdisziplin\u00e4res Denken und Handeln. Dank der Erfahrungen aus den Kerndienstleistungen Projektentwicklung, Bauplanung und Baumanagement, Vermietung sowie Geb\u00e4udebewirtschaftung\u00a0kann ich Ihnen ganzheitliche und individuelle L\u00f6sungen anbieten.<\/p>\n<p>&nbsp;<\/p>\n<p><img loading=\"lazy\" decoding=\"async\" class=\"aligncenter size-full wp-image-220\" alt=\"seite3\" src=\"http:\/\/hohns.ch\/web\/wp-content\/uploads\/2014\/03\/seite3.jpg\" width=\"365\" height=\"243\" srcset=\"https:\/\/hohns.ch\/web\/wp-content\/uploads\/2014\/03\/seite3.jpg 365w, https:\/\/hohns.ch\/web\/wp-content\/uploads\/2014\/03\/seite3-300x199.jpg 300w, https:\/\/hohns.ch\/web\/wp-content\/uploads\/2014\/03\/seite3-100x66.jpg 100w, https:\/\/hohns.ch\/web\/wp-content\/uploads\/2014\/03\/seite3-150x99.jpg 150w, https:\/\/hohns.ch\/web\/wp-content\/uploads\/2014\/03\/seite3-200x133.jpg 200w\" sizes=\"(max-width: 365px) 100vw, 365px\" \/><\/p>\n\n\t\t<\/div> \n\t<\/div> \n\t\t<\/div> \n\t<\/div> \n\n\t<div class=\"vc_col-sm-8 wpb_column vc_column_container \">\n\t\t<div class=\"wpb_wrapper\">\n\t\t\t\n\t<div class=\"wpb_text_column wpb_content_element \">\n\t\t<div class=\"wpb_wrapper\">\n\t\t\t<h3>Das sind Ihre Vorteile<\/h3>\n<ul>\n<li>Ein einziger Ansprechpartner f\u00fcr alle Belange des Baus garantiert Effizienz;<\/li>\n<li>Der richtige Zeitpunkt einer Baumassnahme schafft Mehrwert;<\/li>\n<li>Die Unabh\u00e4ngigkeit gegen\u00fcber Planern und Unternehmern f\u00fchrt zur Auftragsvergabe zu Marktpreisen.<\/li>\n<\/ul>\n<h3>Beratung\/Konzept<\/h3>\n<ul>\n<li>Liegenschafts- und Geb\u00e4udeanalysen;<\/li>\n<li>Stufengerechte Sanierungskonzepte f\u00fcr Liegenschaften.<\/li>\n<\/ul>\n<h3>Projektentwicklung<\/h3>\n<ul>\n<li>Erarbeitung von Nutzungskonzepten und Umsetzungsstrategien;<\/li>\n<li>Durchf\u00fchrung von konventionellen Projektentwicklungen wie auch von Studienauftr\u00e4gen.<\/li>\n<\/ul>\n<h3>Baumanagement\u00a0\u00a0 <a title=\"Bauherrenvertretung\" href=\"http:\/\/hohns.ch\/web\/bauherrenvertretung\/\">\u2192 Bauherrenvertretung<\/a><\/h3>\n<ul>\n<li>Sicherstellung der ordentlichen Projekt- und Bauabl\u00e4ufe;<\/li>\n<li>Kosten-, Termin und Qualit\u00e4ts\u00fcberwachung;<\/li>\n<li>Durchf\u00fchrung von Submissionsverfahren;<\/li>\n<li>Baukostenplanung.<\/li>\n<\/ul>\n\n\t\t<\/div> \n\t<\/div> \n\t\t<\/div> \n\t<\/div> \n<\/div>\n","protected":false},"excerpt":{"rendered":"Bau- und Projektmanagement von Immobilien verlangen interdisziplin\u00e4res Denken und Handeln. Dank der Erfahrungen aus den Kerndienstleistungen Projektentwicklung, Bauplanung und Baumanagement, Vermietung sowie Geb\u00e4udebewirtschaftung\u00a0kann ich Ihnen ganzheitliche und individuelle L\u00f6sungen anbieten. &nbsp; Das sind Ihre Vorteile Ein einziger Ansprechpartner f\u00fcr alle<span class=\"ellipsis\">&hellip;<\/span><div class=\"read-more\"><a href=\"https:\/\/hohns.ch\/web\/bau-projektmanagement\/\">Weiterlesen \u203a<\/a><\/div><!-- end of .read-more -->","protected":false},"author":1,"featured_media":0,"parent":0,"menu_order":0,"comment_status":"open","ping_status":"open","template":"","meta":{"footnotes":""},"_links":{"self":[{"href":"https:\/\/hohns.ch\/web\/wp-json\/wp\/v2\/pages\/15"}],"collection":[{"href":"https:\/\/hohns.ch\/web\/wp-json\/wp\/v2\/pages"}],"about":[{"href":"https:\/\/hohns.ch\/web\/wp-json\/wp\/v2\/types\/page"}],"author":[{"embeddable":true,"href":"https:\/\/hohns.ch\/web\/wp-json\/wp\/v2\/users\/1"}],"replies":[{"embeddable":true,"href":"https:\/\/hohns.ch\/web\/wp-json\/wp\/v2\/comments?post=15"}],"version-history":[{"count":10,"href":"https:\/\/hohns.ch\/web\/wp-json\/wp\/v2\/pages\/15\/revisions"}],"predecessor-version":[{"id":227,"href":"https:\/\/hohns.ch\/web\/wp-json\/wp\/v2\/pages\/15\/revisions\/227"}],"wp:attachment":[{"href":"https:\/\/hohns.ch\/web\/wp-json\/wp\/v2\/media?parent=15"}],"curies":[{"name":"wp","href":"https:\/\/api.w.org\/{rel}","templated":true}]}}